{"id":4,"date":"2016-01-27T09:32:20","date_gmt":"2016-01-27T09:32:20","guid":{"rendered":"http:\/\/leiden.bahai.nl\/?page_id=4"},"modified":"2024-08-06T19:16:23","modified_gmt":"2024-08-06T18:16:23","slug":"gemeenschap","status":"publish","type":"page","link":"https:\/\/leiden.bahai.nl\/","title":{"rendered":"Gemeenschap"},"content":{"rendered":"\n<p><strong>Welkom bij de Bah\u00e1&#8217;\u00ed gemeenschap van Leiden<\/strong><\/p>\n\n\n\n<p>&#8230;&#8230;..Het belangrijkste door Bah\u00e1\u2019u\u2019ll\u00e1h gegeven beginsel stelt dat religieuze waarheid niet absoluut, maar betrekkelijk is; dat goddelijke openbaring een doorlopend en voortgaand proces is; dat alle grote wereldreligies van goddelijke oorsprong zijn; dat hun grondbeginselen volledig met elkaar overeenstemmen; dat hun oogmerk een en hetzelfde is; dat hun opdrachten elkaar aanvullen; dat ze slechts verschillen in de niet-wezenlijke aspecten van hun leringen; en dat hun zendingen elkaar opvolgende stadia vormen in de geestelijke evolutie van de menselijke samenleving&#8230;&#8230;&#8230;<\/p>\n\n\n\n<p><em>&#8220;Verkeert met de volgelingen van alle religies in een geest van vriendelijkheid en kameraadschap.&#8221;&nbsp;<\/em><\/p>\n\n\n\n<p>&nbsp;<\/p>\n\n\n\n<figure class=\"wp-block-gallery has-nested-images columns-default is-cropped wp-block-gallery-1 is-layout-flex wp-block-gallery-is-layout-flex\">\n<figure class=\"wp-block-image size-full\"><a href=\"https:\/\/leiden.bahai.nl\/wp-content\/uploads\/2024\/08\/cropped-leiden-5.avif\"><img loading=\"lazy\" decoding=\"async\" width=\"2000\" height=\"1150\" data-id=\"1052\" src=\"https:\/\/leiden.bahai.nl\/wp-content\/uploads\/2024\/08\/cropped-leiden-5.avif\" alt=\"\" class=\"wp-image-1052\" srcset=\"https:\/\/leiden.bahai.nl\/wp-content\/uploads\/2024\/08\/cropped-leiden-5.avif 2000w, https:\/\/leiden.bahai.nl\/wp-content\/uploads\/2024\/08\/cropped-leiden-5-300x173.avif 300w\" sizes=\"auto, (max-width: 2000px) 100vw, 2000px\" \/><\/a><\/figure>\n\n\n\n<figure class=\"wp-block-image size-large\"><a href=\"https:\/\/leiden.bahai.nl\/wp-content\/uploads\/2016\/01\/cropped-CIMG3365-1.jpg\"><img loading=\"lazy\" decoding=\"async\" width=\"1024\" height=\"768\" data-id=\"41\" src=\"https:\/\/leiden.bahai.nl\/wp-content\/uploads\/2016\/01\/cropped-CIMG3365-1-1024x768.jpg\" alt=\"\" class=\"wp-image-41\" srcset=\"https:\/\/leiden.bahai.nl\/wp-content\/uploads\/2016\/01\/cropped-CIMG3365-1-1024x768.jpg 1024w, https:\/\/leiden.bahai.nl\/wp-content\/uploads\/2016\/01\/cropped-CIMG3365-1-300x225.jpg 300w, https:\/\/leiden.bahai.nl\/wp-content\/uploads\/2016\/01\/cropped-CIMG3365-1-768x576.jpg 768w, https:\/\/leiden.bahai.nl\/wp-content\/uploads\/2016\/01\/cropped-CIMG3365-1.jpg 1260w\" sizes=\"auto, (max-width: 1024px) 100vw, 1024px\" \/><\/a><\/figure>\n\n\n\n<figure class=\"wp-block-image size-large\"><a href=\"https:\/\/leiden.bahai.nl\/wp-content\/uploads\/2024\/08\/cropped-cropped-IMG_2330.webp\"><img loading=\"lazy\" decoding=\"async\" width=\"1024\" height=\"509\" data-id=\"1047\" src=\"https:\/\/leiden.bahai.nl\/wp-content\/uploads\/2024\/08\/cropped-cropped-IMG_2330-1024x509.webp\" alt=\"\" class=\"wp-image-1047\" srcset=\"https:\/\/leiden.bahai.nl\/wp-content\/uploads\/2024\/08\/cropped-cropped-IMG_2330-1024x509.webp 1024w, https:\/\/leiden.bahai.nl\/wp-content\/uploads\/2024\/08\/cropped-cropped-IMG_2330-300x149.webp 300w, https:\/\/leiden.bahai.nl\/wp-content\/uploads\/2024\/08\/cropped-cropped-IMG_2330.webp 2000w\" sizes=\"auto, (max-width: 1024px) 100vw, 1024px\" \/><\/a><\/figure>\n<\/figure>\n","protected":false},"excerpt":{"rendered":"<p>Welkom bij de Bah\u00e1&#8217;\u00ed gemeenschap van Leiden &#8230;&#8230;..Het belangrijkste door Bah\u00e1\u2019u\u2019ll\u00e1h gegeven beginsel stelt dat religieuze waarheid niet absoluut, maar betrekkelijk is; dat goddelijke openbaring een doorlopend en voortgaand proces is; dat alle grote wereldreligies van goddelijke oorsprong zijn; dat hun grondbeginselen volledig met elkaar overeenstemmen; dat hun oogmerk een en hetzelfde is; dat hun &hellip; <\/p>\n<p class=\"link-more\"><a href=\"https:\/\/leiden.bahai.nl\/\" class=\"more-link\">Lees meer<span class=\"screen-reader-text\"> &#8220;Gemeenschap&#8221;<\/span><\/a><\/p>\n","protected":false},"author":1,"featured_media":0,"parent":0,"menu_order":1,"comment_status":"closed","ping_status":"closed","template":"","meta":{"footnotes":"","_links_to":"","_links_to_target":""},"class_list":["post-4","page","type-page","status-publish","hentry"],"_links":{"self":[{"href":"https:\/\/leiden.bahai.nl\/index.php?rest_route=\/wp\/v2\/pages\/4","targetHints":{"allow":["GET"]}}],"collection":[{"href":"https:\/\/leiden.bahai.nl\/index.php?rest_route=\/wp\/v2\/pages"}],"about":[{"href":"https:\/\/leiden.bahai.nl\/index.php?rest_route=\/wp\/v2\/types\/page"}],"author":[{"embeddable":true,"href":"https:\/\/leiden.bahai.nl\/index.php?rest_route=\/wp\/v2\/users\/1"}],"replies":[{"embeddable":true,"href":"https:\/\/leiden.bahai.nl\/index.php?rest_route=%2Fwp%2Fv2%2Fcomments&post=4"}],"version-history":[{"count":20,"href":"https:\/\/leiden.bahai.nl\/index.php?rest_route=\/wp\/v2\/pages\/4\/revisions"}],"predecessor-version":[{"id":1093,"href":"https:\/\/leiden.bahai.nl\/index.php?rest_route=\/wp\/v2\/pages\/4\/revisions\/1093"}],"wp:attachment":[{"href":"https:\/\/leiden.bahai.nl\/index.php?rest_route=%2Fwp%2Fv2%2Fmedia&parent=4"}],"curies":[{"name":"wp","href":"https:\/\/api.w.org\/{rel}","templated":true}]}}